{"id":211,"date":"2017-10-31T16:30:08","date_gmt":"2017-10-31T15:30:08","guid":{"rendered":"http:\/\/opcg.fr\/?page_id=211"},"modified":"2023-09-07T11:06:09","modified_gmt":"2023-09-07T09:06:09","slug":"contact","status":"publish","type":"page","link":"http:\/\/opcg.fr\/index.php\/contact\/","title":{"rendered":"Contact"},"content":{"rendered":"<p>[et_pb_section fb_built=\u00a0\u00bb1&Prime; fullwidth=\u00a0\u00bbon\u00a0\u00bb _builder_version=\u00a0\u00bb3.0.47&Prime;][et_pb_fullwidth_header background_layout=\u00a0\u00bbdark\u00a0\u00bb header_fullscreen=\u00a0\u00bbon\u00a0\u00bb background_overlay_color=\u00a0\u00bbrgba(0,0,0,0.2)\u00a0\u00bb content_orientation=\u00a0\u00bbbottom\u00a0\u00bb _builder_version=\u00a0\u00bb3.0.76&Prime; title_font=\u00a0\u00bb||on||\u00a0\u00bb title_text_align=\u00a0\u00bbleft\u00a0\u00bb title_font_size=\u00a0\u00bb50px\u00a0\u00bb content_font=\u00a0\u00bb||on||\u00a0\u00bb content_text_align=\u00a0\u00bbleft\u00a0\u00bb content_font_size=\u00a0\u00bb50px\u00a0\u00bb background_image=\u00a0\u00bbhttp:\/\/opcg.fr\/wp-content\/uploads\/2017\/10\/notebook-1971495_1920.jpg\u00a0\u00bb]<\/p>\n<h1 style=\"text-align: center;\">Contactez-nous<\/h1>\n<p>[\/et_pb_fullwidth_header][\/et_pb_section][et_pb_section fb_built=\u00a0\u00bb1&Prime; _builder_version=\u00a0\u00bb3.0.47&Prime;][et_pb_row _builder_version=\u00a0\u00bb3.0.47&Prime; background_size=\u00a0\u00bbinitial\u00a0\u00bb background_position=\u00a0\u00bbtop_left\u00a0\u00bb background_repeat=\u00a0\u00bbrepeat\u00a0\u00bb _i=\u00a0\u00bb0&Prime; _address=\u00a0\u00bb1.0&Prime;][et_pb_column type=\u00a0\u00bb4_4&Prime; _builder_version=\u00a0\u00bb3.0.47&Prime; parallax=\u00a0\u00bboff\u00a0\u00bb parallax_method=\u00a0\u00bbon\u00a0\u00bb][et_pb_text _builder_version=\u00a0\u00bb3.0.76&Prime;]<\/p>\n<h1 style=\"text-align: left;\"><strong>Formulaire<\/strong><\/h1>\n<p>[\/et_pb_text][et_pb_text _builder_version=\u00a0\u00bb3.0.76&Prime;]<\/p>\n<p>Merci de remplir le formulaire ou nous appeler directement au <strong>06 64 36 45 23<\/strong>, merci de nous indiquer \u00e9ventuellement votre handicap ou vos difficult\u00e9s afin de vous apporter la r\u00e9ponse la plus adapt\u00e9e \u00e0 votre besoin.<strong><br \/><\/strong><\/p>\n<p>[\/et_pb_text][et_pb_contact_form module_id=\u00a0\u00bbet_pb_contact_form_0&Prime; _builder_version=\u00a0\u00bb3.0.76&Prime;][et_pb_contact_field field_id=\u00a0\u00bbPr\u00e9nom_2&Prime; field_title=\u00a0\u00bbPr\u00e9nom\u00a0\u00bb _builder_version=\u00a0\u00bb3.0.76&Prime; form_field_font=\u00a0\u00bb||||\u00a0\u00bb use_border_color=\u00a0\u00bboff\u00a0\u00bb][\/et_pb_contact_field][et_pb_contact_field field_id=\u00a0\u00bbNom_2&Prime; field_title=\u00a0\u00bbNom\u00a0\u00bb _builder_version=\u00a0\u00bb3.0.76&Prime; form_field_font=\u00a0\u00bb||||\u00a0\u00bb use_border_color=\u00a0\u00bboff\u00a0\u00bb][\/et_pb_contact_field][et_pb_contact_field field_id=\u00a0\u00bbSoci\u00e9t\u00e9_2&Prime; field_title=\u00a0\u00bbSoci\u00e9t\u00e9\u00a0\u00bb _builder_version=\u00a0\u00bb3.0.76&Prime; form_field_font=\u00a0\u00bb||||\u00a0\u00bb use_border_color=\u00a0\u00bboff\u00a0\u00bb][\/et_pb_contact_field][et_pb_contact_field field_id=\u00a0\u00bbe-mail\u00a0\u00bb field_title=\u00a0\u00bbE-mail\u00a0\u00bb fullwidth_field=\u00a0\u00bbon\u00a0\u00bb _builder_version=\u00a0\u00bb3.0.76&Prime; form_field_font=\u00a0\u00bb||||\u00a0\u00bb use_border_color=\u00a0\u00bboff\u00a0\u00bb][\/et_pb_contact_field][et_pb_contact_field field_id=\u00a0\u00bbT\u00e9l\u00e9phone\u00a0\u00bb field_title=\u00a0\u00bbT\u00e9l\u00e9phone\u00a0\u00bb _builder_version=\u00a0\u00bb3.0.76&Prime; form_field_font=\u00a0\u00bb||||\u00a0\u00bb use_border_color=\u00a0\u00bboff\u00a0\u00bb][\/et_pb_contact_field][et_pb_contact_field field_id=\u00a0\u00bbMessage\u00a0\u00bb field_title=\u00a0\u00bbMessage\u00a0\u00bb field_type=\u00a0\u00bbtext\u00a0\u00bb fullwidth_field=\u00a0\u00bbon\u00a0\u00bb _builder_version=\u00a0\u00bb3.0.76&Prime;][\/et_pb_contact_field][\/et_pb_contact_form][\/et_pb_column][\/et_pb_row][et_pb_row _builder_version=\u00a0\u00bb3.0.47&Prime; background_size=\u00a0\u00bbinitial\u00a0\u00bb background_position=\u00a0\u00bbtop_left\u00a0\u00bb background_repeat=\u00a0\u00bbrepeat\u00a0\u00bb _i=\u00a0\u00bb2&Prime; _address=\u00a0\u00bb1.2&Prime;][et_pb_column type=\u00a0\u00bb4_4&Prime; _builder_version=\u00a0\u00bb3.0.47&Prime; parallax=\u00a0\u00bboff\u00a0\u00bb parallax_method=\u00a0\u00bbon\u00a0\u00bb][et_pb_text _builder_version=\u00a0\u00bb3.0.76&Prime;]<\/p>\n<p><strong>OPCG<\/strong><\/p>\n<p>1314 Rue du Loriot &#8211; 76133 Rolleville<\/p>\n<p>06 64 36 45 23 \/ sylvain.tige@opcg.fr<\/p>\n<p>&nbsp;<\/p>\n<p>&nbsp;<\/p>\n<p>[\/et_pb_text][et_pb_text _builder_version=\u00a0\u00bb3.0.76&Prime;]<\/p>\n<div class=\"col1\">\n<div id=\"module_formulaire\">\n<form id=\"devis\" action=\"https:\/\/www.force7-formation.fr\/formulaires\/envoi_mail.php\" method=\"post\" name=\"FORMULAIRE\">\n<table class=\" alignleft\" border=\"0\" width=\"100%\" cellspacing=\"5\" align=\"center\">\n<tbody>\n<tr>\n<td colspan=\"4\"><strong>Informatique et Libert\u00e9s :<\/strong>\u00a0en vertu de l&rsquo;article 27 de la loi n\u00b078-17 du 6 janvier 1978 relative \u00e0 l&rsquo;informatique, aux fichiers et aux libert\u00e9s, vous disposez d&rsquo;un droit d&rsquo;acc\u00e8s, de modification, de rectification et de suppression des donn\u00e9es qui vous concernent.<\/td>\n<\/tr>\n<\/tbody>\n<\/table>\n<\/form>\n<\/div>\n<\/div>\n<div class=\"col1\">\n<p style=\"text-align: left;\">La collecte de vos donn\u00e9es personnelles sont pour un traitement statistiques d&rsquo;\u00e9tudes de visite de notre site internet ainsi que la r\u00e9ponse aux demandes d&rsquo;informations par le biais du formulaire.<\/p>\n<\/div>\n<p>[\/et_pb_text][\/et_pb_column][\/et_pb_row][\/et_pb_section]<\/p>\n","protected":false},"excerpt":{"rendered":"<p>[et_pb_section fb_built=\u00a0\u00bb1&Prime; fullwidth=\u00a0\u00bbon\u00a0\u00bb _builder_version=\u00a0\u00bb3.0.47&Prime;][et_pb_fullwidth_header background_layout=\u00a0\u00bbdark\u00a0\u00bb header_fullscreen=\u00a0\u00bbon\u00a0\u00bb background_overlay_color=\u00a0\u00bbrgba(0,0,0,0.2)\u00a0\u00bb content_orientation=\u00a0\u00bbbottom\u00a0\u00bb _builder_version=\u00a0\u00bb3.0.76&Prime; title_font=\u00a0\u00bb||on||\u00a0\u00bb title_text_align=\u00a0\u00bbleft\u00a0\u00bb title_font_size=\u00a0\u00bb50px\u00a0\u00bb content_font=\u00a0\u00bb||on||\u00a0\u00bb content_text_align=\u00a0\u00bbleft\u00a0\u00bb content_font_size=\u00a0\u00bb50px\u00a0\u00bb background_image=\u00a0\u00bbhttp:\/\/opcg.fr\/wp-content\/uploads\/2017\/10\/notebook-1971495_1920.jpg\u00a0\u00bb] Contactez-nous [\/et_pb_fullwidth_header][\/et_pb_section][et_pb_section fb_built=\u00a0\u00bb1&Prime; _builder_version=\u00a0\u00bb3.0.47&Prime;][et_pb_row _builder_version=\u00a0\u00bb3.0.47&Prime; background_size=\u00a0\u00bbinitial\u00a0\u00bb background_position=\u00a0\u00bbtop_left\u00a0\u00bb background_repeat=\u00a0\u00bbrepeat\u00a0\u00bb _i=\u00a0\u00bb0&Prime; _address=\u00a0\u00bb1.0&Prime;][et_pb_column type=\u00a0\u00bb4_4&Prime; _builder_version=\u00a0\u00bb3.0.47&Prime; parallax=\u00a0\u00bboff\u00a0\u00bb parallax_method=\u00a0\u00bbon\u00a0\u00bb][et_pb_text _builder_version=\u00a0\u00bb3.0.76&Prime;] Formulaire [\/et_pb_text][et_pb_text _builder_version=\u00a0\u00bb3.0.76&Prime;] Merci de remplir le formulaire ou nous appeler directement au 06 64 36 45 23, merci de nous indiquer \u00e9ventuellement votre [&hellip;]<\/p>\n","protected":false},"author":1,"featured_media":0,"parent":0,"menu_order":0,"comment_status":"closed","ping_status":"closed","template":"","meta":[],"_links":{"self":[{"href":"http:\/\/opcg.fr\/index.php\/wp-json\/wp\/v2\/pages\/211"}],"collection":[{"href":"http:\/\/opcg.fr\/index.php\/wp-json\/wp\/v2\/pages"}],"about":[{"href":"http:\/\/opcg.fr\/index.php\/wp-json\/wp\/v2\/types\/page"}],"author":[{"embeddable":true,"href":"http:\/\/opcg.fr\/index.php\/wp-json\/wp\/v2\/users\/1"}],"replies":[{"embeddable":true,"href":"http:\/\/opcg.fr\/index.php\/wp-json\/wp\/v2\/comments?post=211"}],"version-history":[{"count":32,"href":"http:\/\/opcg.fr\/index.php\/wp-json\/wp\/v2\/pages\/211\/revisions"}],"predecessor-version":[{"id":1039,"href":"http:\/\/opcg.fr\/index.php\/wp-json\/wp\/v2\/pages\/211\/revisions\/1039"}],"wp:attachment":[{"href":"http:\/\/opcg.fr\/index.php\/wp-json\/wp\/v2\/media?parent=211"}],"curies":[{"name":"wp","href":"https:\/\/api.w.org\/{rel}","templated":true}]}}