{"id":67,"date":"2017-10-31T10:44:24","date_gmt":"2017-10-31T09:44:24","guid":{"rendered":"http:\/\/opcg.fr\/?page_id=67"},"modified":"2021-11-23T16:41:28","modified_gmt":"2021-11-23T15:41:28","slug":"finance","status":"publish","type":"page","link":"http:\/\/opcg.fr\/index.php\/finance\/","title":{"rendered":"Finance"},"content":{"rendered":"<p>[et_pb_section fb_built=\u00a0\u00bb1&Prime; fullwidth=\u00a0\u00bbon\u00a0\u00bb _builder_version=\u00a0\u00bb3.0.47&Prime;][et_pb_fullwidth_header background_layout=\u00a0\u00bbdark\u00a0\u00bb header_fullscreen=\u00a0\u00bbon\u00a0\u00bb background_overlay_color=\u00a0\u00bbrgba(0,0,0,0.4)\u00a0\u00bb content_orientation=\u00a0\u00bbbottom\u00a0\u00bb _builder_version=\u00a0\u00bb3.0.76&Prime; title_font=\u00a0\u00bb||on||\u00a0\u00bb title_text_align=\u00a0\u00bbcenter\u00a0\u00bb title_font_size=\u00a0\u00bb50px\u00a0\u00bb content_font=\u00a0\u00bb||on||\u00a0\u00bb content_text_align=\u00a0\u00bbcenter\u00a0\u00bb content_font_size=\u00a0\u00bb50px\u00a0\u00bb background_image=\u00a0\u00bbhttp:\/\/opcg.fr\/wp-content\/uploads\/2017\/10\/financial-2860753_1920.jpg\u00a0\u00bb]<\/p>\n<h1 style=\"text-align: center;\">OPCG<\/h1>\n<h2 style=\"text-align: center;\">Garant de votre performance financi\u00e8re<\/h2>\n<p>[\/et_pb_fullwidth_header][\/et_pb_section][et_pb_section fb_built=\u00a0\u00bb1&Prime; _builder_version=\u00a0\u00bb3.0.47&Prime;][et_pb_row _builder_version=\u00a0\u00bb3.0.47&Prime; background_size=\u00a0\u00bbinitial\u00a0\u00bb background_position=\u00a0\u00bbtop_left\u00a0\u00bb background_repeat=\u00a0\u00bbrepeat\u00a0\u00bb _i=\u00a0\u00bb0&Prime; _address=\u00a0\u00bb1.0&Prime;][et_pb_column type=\u00a0\u00bb4_4&Prime; _builder_version=\u00a0\u00bb3.0.47&Prime; parallax=\u00a0\u00bboff\u00a0\u00bb parallax_method=\u00a0\u00bbon\u00a0\u00bb][et_pb_divider color=\u00a0\u00bb#848484&Prime; show_divider=\u00a0\u00bbon\u00a0\u00bb divider_style=\u00a0\u00bbsolid\u00a0\u00bb divider_position=\u00a0\u00bbtop\u00a0\u00bb _builder_version=\u00a0\u00bb3.0.76&Prime;][\/et_pb_divider][\/et_pb_column][\/et_pb_row][et_pb_row _builder_version=\u00a0\u00bb3.0.47&Prime; background_size=\u00a0\u00bbinitial\u00a0\u00bb background_position=\u00a0\u00bbtop_left\u00a0\u00bb background_repeat=\u00a0\u00bbrepeat\u00a0\u00bb _i=\u00a0\u00bb1&Prime; _address=\u00a0\u00bb1.1&Prime;][et_pb_column type=\u00a0\u00bb4_4&Prime; _builder_version=\u00a0\u00bb3.0.47&Prime; parallax=\u00a0\u00bboff\u00a0\u00bb parallax_method=\u00a0\u00bbon\u00a0\u00bb][et_pb_text admin_label=\u00a0\u00bbLes b\u00e9n\u00e9fices attendus\u00a0\u00bb _builder_version=\u00a0\u00bb3.0.76&Prime;]<\/p>\n<h1 style=\"text-align: center;\"><strong>Les b\u00e9n\u00e9fices attendus<\/strong><\/h1>\n<p>[\/et_pb_text][\/et_pb_column][\/et_pb_row][et_pb_row _builder_version=\u00a0\u00bb3.0.47&Prime; background_size=\u00a0\u00bbinitial\u00a0\u00bb background_position=\u00a0\u00bbtop_left\u00a0\u00bb background_repeat=\u00a0\u00bbrepeat\u00a0\u00bb _i=\u00a0\u00bb2&Prime; _address=\u00a0\u00bb1.2&Prime;][et_pb_column type=\u00a0\u00bb1_2&Prime; _builder_version=\u00a0\u00bb3.0.47&Prime; parallax=\u00a0\u00bboff\u00a0\u00bb parallax_method=\u00a0\u00bbon\u00a0\u00bb][et_pb_blurb title=\u00a0\u00bbPour l&rsquo;organisation\u00a0\u00bb use_icon=\u00a0\u00bbon\u00a0\u00bb font_icon=\u00a0\u00bb%%144%%\u00a0\u00bb icon_color=\u00a0\u00bb#ff7c0a\u00a0\u00bb admin_label=\u00a0\u00bbPour l&rsquo;organisation\u00a0\u00bb _builder_version=\u00a0\u00bb3.0.76&Prime; header_text_align=\u00a0\u00bbcenter\u00a0\u00bb text_orientation=\u00a0\u00bbcenter\u00a0\u00bb]<\/p>\n<p>\u00a0<\/p>\n<p style=\"font-weight: 400; text-align: center;\">S&rsquo;assurer que la<b> r\u00e9glementation\u00a0<\/b>est bien<b> comprise et appliqu\u00e9e<\/b><\/p>\n<p style=\"text-align: center;\">S&rsquo;assurer de la<strong> conformit\u00e9 des r\u00e9sultats et des livrables<\/strong><\/p>\n<p style=\"font-weight: 400; text-align: center;\"><b>S&rsquo;assurer de la signification des r\u00e9sultats<\/b><\/p>\n<p style=\"font-weight: 400; text-align: center;\">Int\u00e9grer l\u2019<strong>autocontr\u00f4le<\/strong> comme v\u00e9ritable ADN<\/p>\n<p>[\/et_pb_blurb][\/et_pb_column][et_pb_column type=\u00a0\u00bb1_2&Prime; _builder_version=\u00a0\u00bb3.0.47&Prime; parallax=\u00a0\u00bboff\u00a0\u00bb parallax_method=\u00a0\u00bbon\u00a0\u00bb][et_pb_blurb title=\u00a0\u00bbPour les salari\u00e9s et le management\u00a0\u00bb use_icon=\u00a0\u00bbon\u00a0\u00bb font_icon=\u00a0\u00bb%%259%%\u00a0\u00bb icon_color=\u00a0\u00bb#fc8600&Prime; admin_label=\u00a0\u00bbPour les salari\u00e9s et le mana\u00a0\u00bb _builder_version=\u00a0\u00bb3.0.76&Prime; header_text_align=\u00a0\u00bbcenter\u00a0\u00bb text_orientation=\u00a0\u00bbcenter\u00a0\u00bb]<\/p>\n<p>\u00a0<\/p>\n<p style=\"font-weight: 400; text-align: center;\"><strong>D\u00e9velopper la capacit\u00e9 d&rsquo;analyse et le sens critique<\/strong><\/p>\n<p style=\"font-weight: 400; text-align: center;\">D\u00e9tenir des ordres de grandeur pour mieux d\u00e9cider et \u00e0 des fins d&rsquo;auto-contr\u00f4le<\/p>\n<p style=\"font-weight: 400; text-align: center;\">\u00c9tablir la <strong>coh\u00e9rence et les relations entre les diff\u00e9rents supports et r\u00e9sultats<\/strong><\/p>\n<p style=\"text-align: center;\">D\u00e9velopper<b> l&rsquo;auto-contr\u00f4le \u00e0 chaque \u00e9tapes du processus<\/b><\/p>\n<p>[\/et_pb_blurb][\/et_pb_column][\/et_pb_row][et_pb_row _builder_version=\u00a0\u00bb3.0.47&Prime; background_size=\u00a0\u00bbinitial\u00a0\u00bb background_position=\u00a0\u00bbtop_left\u00a0\u00bb background_repeat=\u00a0\u00bbrepeat\u00a0\u00bb _i=\u00a0\u00bb3&Prime; _address=\u00a0\u00bb1.3&Prime;][et_pb_column type=\u00a0\u00bb4_4&Prime; _builder_version=\u00a0\u00bb3.0.47&Prime; parallax=\u00a0\u00bboff\u00a0\u00bb parallax_method=\u00a0\u00bbon\u00a0\u00bb][et_pb_divider color=\u00a0\u00bb#848484&Prime; show_divider=\u00a0\u00bbon\u00a0\u00bb divider_style=\u00a0\u00bbsolid\u00a0\u00bb divider_position=\u00a0\u00bbtop\u00a0\u00bb _builder_version=\u00a0\u00bb3.0.76&Prime;][\/et_pb_divider][\/et_pb_column][\/et_pb_row][et_pb_row _builder_version=\u00a0\u00bb3.0.47&Prime; background_size=\u00a0\u00bbinitial\u00a0\u00bb background_position=\u00a0\u00bbtop_left\u00a0\u00bb background_repeat=\u00a0\u00bbrepeat\u00a0\u00bb _i=\u00a0\u00bb4&Prime; _address=\u00a0\u00bb1.4&Prime;][et_pb_column type=\u00a0\u00bb4_4&Prime; _builder_version=\u00a0\u00bb3.0.47&Prime; parallax=\u00a0\u00bboff\u00a0\u00bb parallax_method=\u00a0\u00bbon\u00a0\u00bb][et_pb_text admin_label=\u00a0\u00bbLa singularit\u00e9 d\u2019OPCG\u00a0\u00bb _builder_version=\u00a0\u00bb3.0.76&Prime;]<\/p>\n<h1 style=\"text-align: center;\"><strong>La singularit\u00e9 d\u2019OPCG<\/strong><\/h1>\n<p>\u00a0<\/p>\n<p style=\"text-align: center;\">Une double expertise:<\/p>\n<p style=\"text-align: center;\">Op\u00e9rationnelle en gestion de la paye, comptabilit\u00e9 et finance<\/p>\n<p style=\"text-align: center;\">P\u00e9dagogique bas\u00e9e sur des cas pratiques construits et adapt\u00e9s aux besoins de l&rsquo;entreprise<\/p>\n<p>[\/et_pb_text][\/et_pb_column][\/et_pb_row][et_pb_row _builder_version=\u00a0\u00bb3.0.47&Prime; background_size=\u00a0\u00bbinitial\u00a0\u00bb background_position=\u00a0\u00bbtop_left\u00a0\u00bb background_repeat=\u00a0\u00bbrepeat\u00a0\u00bb _i=\u00a0\u00bb5&Prime; _address=\u00a0\u00bb1.5&Prime;][et_pb_column type=\u00a0\u00bb4_4&Prime; _builder_version=\u00a0\u00bb3.0.47&Prime; parallax=\u00a0\u00bboff\u00a0\u00bb parallax_method=\u00a0\u00bbon\u00a0\u00bb][et_pb_divider color=\u00a0\u00bb#848484&Prime; show_divider=\u00a0\u00bbon\u00a0\u00bb divider_style=\u00a0\u00bbsolid\u00a0\u00bb divider_position=\u00a0\u00bbtop\u00a0\u00bb _builder_version=\u00a0\u00bb3.0.76&Prime;][\/et_pb_divider][\/et_pb_column][\/et_pb_row][et_pb_row _builder_version=\u00a0\u00bb3.0.47&Prime; background_size=\u00a0\u00bbinitial\u00a0\u00bb background_position=\u00a0\u00bbtop_left\u00a0\u00bb background_repeat=\u00a0\u00bbrepeat\u00a0\u00bb _i=\u00a0\u00bb6&Prime; _address=\u00a0\u00bb1.6&Prime;][et_pb_column type=\u00a0\u00bb4_4&Prime; _builder_version=\u00a0\u00bb3.0.47&Prime; parallax=\u00a0\u00bboff\u00a0\u00bb parallax_method=\u00a0\u00bbon\u00a0\u00bb][et_pb_text _builder_version=\u00a0\u00bb3.0.76&Prime;]<\/p>\n<h1 style=\"text-align: center;\"><strong>Notre offre de services et de formations<\/strong><\/h1>\n<p>[\/et_pb_text][\/et_pb_column][\/et_pb_row][et_pb_row _builder_version=\u00a0\u00bb3.0.47&Prime; background_size=\u00a0\u00bbinitial\u00a0\u00bb background_position=\u00a0\u00bbtop_left\u00a0\u00bb background_repeat=\u00a0\u00bbrepeat\u00a0\u00bb _i=\u00a0\u00bb7&Prime; _address=\u00a0\u00bb1.7&Prime;][et_pb_column type=\u00a0\u00bb1_3&Prime; _builder_version=\u00a0\u00bb3.0.47&Prime; parallax=\u00a0\u00bboff\u00a0\u00bb parallax_method=\u00a0\u00bbon\u00a0\u00bb][et_pb_blurb title=\u00a0\u00bbR\u00e9duire les co\u00fbts cach\u00e9s\u00a0\u00bb use_icon=\u00a0\u00bbon\u00a0\u00bb font_icon=\u00a0\u00bb%%183%%\u00a0\u00bb icon_color=\u00a0\u00bb#ffffff\u00a0\u00bb use_circle=\u00a0\u00bbon\u00a0\u00bb circle_color=\u00a0\u00bb#ff7900&Prime; admin_label=\u00a0\u00bbR\u00e9duire les co\u00fbts cach\u00e9s\u00a0\u00bb _builder_version=\u00a0\u00bb3.0.76&Prime; header_text_align=\u00a0\u00bbcenter\u00a0\u00bb body_text_align=\u00a0\u00bbcenter\u00a0\u00bb text_orientation=\u00a0\u00bbcenter\u00a0\u00bb]<\/p>\n<p>\u00a0<\/p>\n<p style=\"text-align: center;\">Les co\u00fbts cach\u00e9s repr\u00e9sentent les co\u00fbts suppl\u00e9mentaires occasionn\u00e9s par un dysfonctionnement<\/p>\n<p style=\"text-align: center;\">Ils repr\u00e9sentent de 10 \u00e0 15% du total des co\u00fbts de l&rsquo;entreprise et pr\u00e8s de 3 000\u20ac par salari\u00e9 et par an<\/p>\n<p>[\/et_pb_blurb][\/et_pb_column][et_pb_column type=\u00a0\u00bb1_3&Prime; _builder_version=\u00a0\u00bb3.0.47&Prime; parallax=\u00a0\u00bboff\u00a0\u00bb parallax_method=\u00a0\u00bbon\u00a0\u00bb][et_pb_blurb title=\u00a0\u00bbComprendre la finance pour les non-financiers\u00a0\u00bb use_icon=\u00a0\u00bbon\u00a0\u00bb font_icon=\u00a0\u00bb%%283%%\u00a0\u00bb icon_color=\u00a0\u00bb#ffffff\u00a0\u00bb use_circle=\u00a0\u00bbon\u00a0\u00bb circle_color=\u00a0\u00bb#ff7900&Prime; admin_label=\u00a0\u00bbComprendre la finance\u00a0\u00bb _builder_version=\u00a0\u00bb3.0.76&Prime; header_text_align=\u00a0\u00bbcenter\u00a0\u00bb body_text_align=\u00a0\u00bbcenter\u00a0\u00bb text_orientation=\u00a0\u00bbcenter\u00a0\u00bb]<\/p>\n<p>\u00a0<\/p>\n<p style=\"text-align: center;\">Savoir lire un bilan et compte de r\u00e9sultat pour conna\u00eetre les impacts des d\u00e9cisions sur les chiffres de l&rsquo;entreprise<\/p>\n<p>[\/et_pb_blurb][\/et_pb_column][et_pb_column type=\u00a0\u00bb1_3&Prime; _builder_version=\u00a0\u00bb3.0.47&Prime; parallax=\u00a0\u00bboff\u00a0\u00bb parallax_method=\u00a0\u00bbon\u00a0\u00bb][et_pb_blurb title=\u00a0\u00bb\u00c9laborer son plan de tr\u00e9sorerie\u00a0\u00bb use_icon=\u00a0\u00bbon\u00a0\u00bb font_icon=\u00a0\u00bb%%251%%\u00a0\u00bb icon_color=\u00a0\u00bb#ffffff\u00a0\u00bb use_circle=\u00a0\u00bbon\u00a0\u00bb circle_color=\u00a0\u00bb#ff7900&Prime; admin_label=\u00a0\u00bbPlan de tr\u00e9sorerie\u00a0\u00bb _builder_version=\u00a0\u00bb3.0.76&Prime; header_text_align=\u00a0\u00bbcenter\u00a0\u00bb body_text_align=\u00a0\u00bbcenter\u00a0\u00bb text_orientation=\u00a0\u00bbcenter\u00a0\u00bb]<\/p>\n<p>\u00a0<\/p>\n<p style=\"text-align: center;\">Identifier les recettes et les d\u00e9penses, mois par mois, pour faire face \u00e9ventuellement aux difficult\u00e9s de paiement<\/p>\n<p>[\/et_pb_blurb][\/et_pb_column][\/et_pb_row][et_pb_row _builder_version=\u00a0\u00bb3.0.47&Prime; background_size=\u00a0\u00bbinitial\u00a0\u00bb background_position=\u00a0\u00bbtop_left\u00a0\u00bb background_repeat=\u00a0\u00bbrepeat\u00a0\u00bb _i=\u00a0\u00bb8&Prime; _address=\u00a0\u00bb1.8&Prime;][et_pb_column type=\u00a0\u00bb1_3&Prime; _builder_version=\u00a0\u00bb3.0.47&Prime; parallax=\u00a0\u00bboff\u00a0\u00bb parallax_method=\u00a0\u00bbon\u00a0\u00bb][et_pb_blurb title=\u00a0\u00bbPr\u00e9parer la liasse fiscale\u00a0\u00bb use_icon=\u00a0\u00bbon\u00a0\u00bb font_icon=\u00a0\u00bb%%209%%\u00a0\u00bb icon_color=\u00a0\u00bb#ffffff\u00a0\u00bb use_circle=\u00a0\u00bbon\u00a0\u00bb circle_color=\u00a0\u00bb#ff7900&Prime; admin_label=\u00a0\u00bbLiasse fiscale\u00a0\u00bb _builder_version=\u00a0\u00bb3.0.76&Prime; header_text_align=\u00a0\u00bbcenter\u00a0\u00bb body_text_align=\u00a0\u00bbcenter\u00a0\u00bb text_orientation=\u00a0\u00bbcenter\u00a0\u00bb]<\/p>\n<p>\u00a0<\/p>\n<p style=\"text-align: center;\">Assurer la r\u00e9vision des comptes et l&rsquo;enregistrement des op\u00e9rations d&rsquo;inventaire pour \u00e9tablir le compte de r\u00e9sultat, le compte de bilan et les annexes<\/p>\n<p>[\/et_pb_blurb][\/et_pb_column][et_pb_column type=\u00a0\u00bb1_3&Prime; _builder_version=\u00a0\u00bb3.0.47&Prime; parallax=\u00a0\u00bboff\u00a0\u00bb parallax_method=\u00a0\u00bbon\u00a0\u00bb][et_pb_blurb title=\u00a0\u00bbAssurer le contr\u00f4le de la paie et des charges sociales\u00a0\u00bb use_icon=\u00a0\u00bbon\u00a0\u00bb font_icon=\u00a0\u00bb%%228%%\u00a0\u00bb icon_color=\u00a0\u00bb#ffffff\u00a0\u00bb use_circle=\u00a0\u00bbon\u00a0\u00bb circle_color=\u00a0\u00bb#ff7900&Prime; admin_label=\u00a0\u00bbSubtilit\u00e9s de la paie\u00a0\u00bb _builder_version=\u00a0\u00bb3.0.76&Prime; header_text_align=\u00a0\u00bbcenter\u00a0\u00bb body_text_align=\u00a0\u00bbcenter\u00a0\u00bb text_orientation=\u00a0\u00bbcenter\u00a0\u00bb]<\/p>\n<p>\u00a0<\/p>\n<p style=\"text-align: center;\">Donner aux gestionnaires de paie les moyens d&rsquo;assurer 3 niveaux de contr\u00f4le, \u00e0 savoir, les donn\u00e9es d&rsquo;entr\u00e9e, des saisies, et des r\u00e9sultats<\/p>\n<p>[\/et_pb_blurb][\/et_pb_column][et_pb_column type=\u00a0\u00bb1_3&Prime; _builder_version=\u00a0\u00bb3.0.47&Prime; parallax=\u00a0\u00bboff\u00a0\u00bb parallax_method=\u00a0\u00bbon\u00a0\u00bb][et_pb_blurb title=\u00a0\u00bbMettre en place un contr\u00f4le de gestion utile\u00a0\u00bb use_icon=\u00a0\u00bbon\u00a0\u00bb font_icon=\u00a0\u00bb%%273%%\u00a0\u00bb icon_color=\u00a0\u00bb#ffffff\u00a0\u00bb use_circle=\u00a0\u00bbon\u00a0\u00bb circle_color=\u00a0\u00bb#ff7900&Prime; admin_label=\u00a0\u00bbContr\u00f4le de gestion utile\u00a0\u00bb _builder_version=\u00a0\u00bb3.0.76&Prime; header_text_align=\u00a0\u00bbcenter\u00a0\u00bb body_text_align=\u00a0\u00bbcenter\u00a0\u00bb text_orientation=\u00a0\u00bbcenter\u00a0\u00bb]<\/p>\n<p>\u00a0<\/p>\n<p style=\"text-align: center;\">C&rsquo;est assurer et piloter la performance \u00e9conomique des activit\u00e9s de l&rsquo;entreprise<\/p>\n<p>[\/et_pb_blurb][\/et_pb_column][\/et_pb_row][et_pb_row _builder_version=\u00a0\u00bb3.0.47&Prime; background_size=\u00a0\u00bbinitial\u00a0\u00bb background_position=\u00a0\u00bbtop_left\u00a0\u00bb background_repeat=\u00a0\u00bbrepeat\u00a0\u00bb _i=\u00a0\u00bb9&Prime; _address=\u00a0\u00bb1.9&Prime;][et_pb_column type=\u00a0\u00bb4_4&Prime; _builder_version=\u00a0\u00bb3.0.47&Prime; parallax=\u00a0\u00bboff\u00a0\u00bb parallax_method=\u00a0\u00bbon\u00a0\u00bb][et_pb_cta button_url=\u00a0\u00bbhttps:\/\/documentcloud.adobe.com\/link\/track?uri=urn:aaid:scds:US:12193db2-1ea8-401a-a9fb-41bae833f59a\u00a0\u00bb button_text=\u00a0\u00bbNos offres de formation\u00a0\u00bb use_background_color=\u00a0\u00bboff\u00a0\u00bb _builder_version=\u00a0\u00bb3.0.76&Prime; header_text_color=\u00a0\u00bb#ff7900&Prime; body_text_color=\u00a0\u00bb#ff7900&Prime;][\/et_pb_cta][\/et_pb_column][\/et_pb_row][\/et_pb_section]<\/p>\n","protected":false},"excerpt":{"rendered":"<p>[et_pb_section fb_built=\u00a0\u00bb1&Prime; fullwidth=\u00a0\u00bbon\u00a0\u00bb _builder_version=\u00a0\u00bb3.0.47&Prime;][et_pb_fullwidth_header background_layout=\u00a0\u00bbdark\u00a0\u00bb header_fullscreen=\u00a0\u00bbon\u00a0\u00bb background_overlay_color=\u00a0\u00bbrgba(0,0,0,0.4)\u00a0\u00bb content_orientation=\u00a0\u00bbbottom\u00a0\u00bb _builder_version=\u00a0\u00bb3.0.76&Prime; title_font=\u00a0\u00bb||on||\u00a0\u00bb title_text_align=\u00a0\u00bbcenter\u00a0\u00bb title_font_size=\u00a0\u00bb50px\u00a0\u00bb content_font=\u00a0\u00bb||on||\u00a0\u00bb content_text_align=\u00a0\u00bbcenter\u00a0\u00bb content_font_size=\u00a0\u00bb50px\u00a0\u00bb background_image=\u00a0\u00bbhttp:\/\/opcg.fr\/wp-content\/uploads\/2017\/10\/financial-2860753_1920.jpg\u00a0\u00bb] OPCG Garant de votre performance financi\u00e8re [\/et_pb_fullwidth_header][\/et_pb_section][et_pb_section fb_built=\u00a0\u00bb1&Prime; _builder_version=\u00a0\u00bb3.0.47&Prime;][et_pb_row _builder_version=\u00a0\u00bb3.0.47&Prime; background_size=\u00a0\u00bbinitial\u00a0\u00bb background_position=\u00a0\u00bbtop_left\u00a0\u00bb background_repeat=\u00a0\u00bbrepeat\u00a0\u00bb _i=\u00a0\u00bb0&Prime; _address=\u00a0\u00bb1.0&Prime;][et_pb_column type=\u00a0\u00bb4_4&Prime; _builder_version=\u00a0\u00bb3.0.47&Prime; parallax=\u00a0\u00bboff\u00a0\u00bb parallax_method=\u00a0\u00bbon\u00a0\u00bb][et_pb_divider color=\u00a0\u00bb#848484&Prime; show_divider=\u00a0\u00bbon\u00a0\u00bb divider_style=\u00a0\u00bbsolid\u00a0\u00bb divider_position=\u00a0\u00bbtop\u00a0\u00bb _builder_version=\u00a0\u00bb3.0.76&Prime;][\/et_pb_divider][\/et_pb_column][\/et_pb_row][et_pb_row _builder_version=\u00a0\u00bb3.0.47&Prime; background_size=\u00a0\u00bbinitial\u00a0\u00bb background_position=\u00a0\u00bbtop_left\u00a0\u00bb background_repeat=\u00a0\u00bbrepeat\u00a0\u00bb _i=\u00a0\u00bb1&Prime; _address=\u00a0\u00bb1.1&Prime;][et_pb_column type=\u00a0\u00bb4_4&Prime; _builder_version=\u00a0\u00bb3.0.47&Prime; parallax=\u00a0\u00bboff\u00a0\u00bb parallax_method=\u00a0\u00bbon\u00a0\u00bb][et_pb_text admin_label=\u00a0\u00bbLes b\u00e9n\u00e9fices attendus\u00a0\u00bb _builder_version=\u00a0\u00bb3.0.76&Prime;] Les [&hellip;]<\/p>\n","protected":false},"author":1,"featured_media":0,"parent":0,"menu_order":0,"comment_status":"closed","ping_status":"closed","template":"","meta":[],"_links":{"self":[{"href":"http:\/\/opcg.fr\/index.php\/wp-json\/wp\/v2\/pages\/67"}],"collection":[{"href":"http:\/\/opcg.fr\/index.php\/wp-json\/wp\/v2\/pages"}],"about":[{"href":"http:\/\/opcg.fr\/index.php\/wp-json\/wp\/v2\/types\/page"}],"author":[{"embeddable":true,"href":"http:\/\/opcg.fr\/index.php\/wp-json\/wp\/v2\/users\/1"}],"replies":[{"embeddable":true,"href":"http:\/\/opcg.fr\/index.php\/wp-json\/wp\/v2\/comments?post=67"}],"version-history":[{"count":46,"href":"http:\/\/opcg.fr\/index.php\/wp-json\/wp\/v2\/pages\/67\/revisions"}],"predecessor-version":[{"id":1010,"href":"http:\/\/opcg.fr\/index.php\/wp-json\/wp\/v2\/pages\/67\/revisions\/1010"}],"wp:attachment":[{"href":"http:\/\/opcg.fr\/index.php\/wp-json\/wp\/v2\/media?parent=67"}],"curies":[{"name":"wp","href":"https:\/\/api.w.org\/{rel}","templated":true}]}}